{"id":482,"date":"2024-09-04T08:21:38","date_gmt":"2024-09-04T08:21:38","guid":{"rendered":"https:\/\/mobil.icone-interactive.fr\/?page_id=482"},"modified":"2024-12-19T15:34:26","modified_gmt":"2024-12-19T15:34:26","slug":"contrat-duree-determinee","status":"publish","type":"page","link":"https:\/\/www.mobil-interim.fr\/index.php\/contrat-duree-determinee\/","title":{"rendered":"Contrat dur\u00e9e d\u00e9termin\u00e9e"},"content":{"rendered":"\t\t<div data-elementor-type=\"wp-page\" data-elementor-id=\"482\" class=\"elementor elementor-482\" data-elementor-post-type=\"page\">\n\t\t\t\t\t\t<section class=\"elementor-section elementor-top-section elementor-element elementor-element-0f58d4f elementor-section-height-min-height elementor-section-boxed elementor-section-height-default elementor-section-items-middle\" data-id=\"0f58d4f\" data-element_type=\"section\" data-e-type=\"section\" data-settings=\"{&quot;background_background&quot;:&quot;classic&quot;}\">\n\t\t\t\t\t\t\t<div class=\"elementor-background-overlay\"><\/div>\n\t\t\t\t\t\t\t<div class=\"elementor-container elementor-column-gap-default\">\n\t\t\t\t\t<div class=\"elementor-column elementor-col-100 elementor-top-column elementor-element elementor-element-7d0c56b\" data-id=\"7d0c56b\" data-element_type=\"column\" data-e-type=\"column\">\n\t\t\t<div class=\"elementor-widget-wrap elementor-element-populated\">\n\t\t\t\t\t\t<div class=\"elementor-element elementor-element-d661794 elementor-widget elementor-widget-heading\" data-id=\"d661794\" data-element_type=\"widget\" data-e-type=\"widget\" data-widget_type=\"heading.default\">\n\t\t\t\t<div class=\"elementor-widget-container\">\n\t\t\t\t\t<h1 class=\"elementor-heading-title elementor-size-default\">Contrat \u00e0 dur\u00e9e d\u00e9termin\u00e9e<\/h1>\t\t\t\t<\/div>\n\t\t\t\t<\/div>\n\t\t\t\t<div class=\"elementor-element elementor-element-63779dc elementor-widget elementor-widget-breadcrumbs\" data-id=\"63779dc\" data-element_type=\"widget\" data-e-type=\"widget\" data-widget_type=\"breadcrumbs.default\">\n\t\t\t\t<div class=\"elementor-widget-container\">\n\t\t\t\t\t<p id=\"breadcrumbs\"><span><span><a href=\"https:\/\/www.mobil-interim.fr\/\">Accueil<\/a><\/span><\/span><\/p>\t\t\t\t<\/div>\n\t\t\t\t<\/div>\n\t\t\t\t\t<\/div>\n\t\t<\/div>\n\t\t\t\t\t<\/div>\n\t\t<\/section>\n\t\t\t\t<section class=\"elementor-section elementor-top-section elementor-element elementor-element-de004e2 elementor-section-boxed elementor-section-height-default elementor-section-height-default\" data-id=\"de004e2\" data-element_type=\"section\" data-e-type=\"section\">\n\t\t\t\t\t\t<div class=\"elementor-container elementor-column-gap-default\">\n\t\t\t\t\t<div class=\"elementor-column elementor-col-50 elementor-top-column elementor-element elementor-element-2bebde1\" data-id=\"2bebde1\" data-element_type=\"column\" data-e-type=\"column\">\n\t\t\t<div class=\"elementor-widget-wrap elementor-element-populated\">\n\t\t\t\t\t\t<div class=\"elementor-element elementor-element-b16a1e8 elementor-widget elementor-widget-heading\" data-id=\"b16a1e8\" data-element_type=\"widget\" data-e-type=\"widget\" data-widget_type=\"heading.default\">\n\t\t\t\t<div class=\"elementor-widget-container\">\n\t\t\t\t\t<h6 class=\"elementor-heading-title elementor-size-default\">Contrat \u00e0 dur\u00e9e d\u00e9termin\u00e9e<\/h6>\t\t\t\t<\/div>\n\t\t\t\t<\/div>\n\t\t\t\t<div class=\"elementor-element elementor-element-0e8f632 elementor-widget elementor-widget-elementskit-heading\" data-id=\"0e8f632\" data-element_type=\"widget\" data-e-type=\"widget\" data-widget_type=\"elementskit-heading.default\">\n\t\t\t\t<div class=\"elementor-widget-container\">\n\t\t\t\t\t<div class=\"ekit-wid-con\" ><div class=\"ekit-heading elementskit-section-title-wraper text_left   ekit_heading_tablet-   ekit_heading_mobile-\"><h2 class=\"ekit-heading--title elementskit-section-title \">Le <span><span>contrat \u00e0 dur\u00e9e d\u00e9termin\u00e9e<\/span><\/span><\/h2><\/div><\/div>\t\t\t\t<\/div>\n\t\t\t\t<\/div>\n\t\t\t\t<div class=\"elementor-element elementor-element-e45b742 elementor-widget elementor-widget-text-editor\" data-id=\"e45b742\" data-element_type=\"widget\" data-e-type=\"widget\" data-widget_type=\"text-editor.default\">\n\t\t\t\t<div class=\"elementor-widget-container\">\n\t\t\t\t\t\t\t\t\t<p>Le contrat \u00e0 dur\u00e9e d\u00e9termin\u00e9e (CDD) g\u00e9r\u00e9 par Mobil\u2019interim offre une solution flexible et avantageuse, tant pour les entreprises que pour les candidats. En confiant la gestion des CDD \u00e0 Mobil\u2019interim, les entreprises b\u00e9n\u00e9ficient d\u2019un processus simplifi\u00e9 et rapide pour trouver des collaborateurs qualifi\u00e9s et imm\u00e9diatement op\u00e9rationnels, sans avoir \u00e0<br \/>g\u00e9rer les formalit\u00e9s administratives complexes.<\/p>\t\t\t\t\t\t\t\t<\/div>\n\t\t\t\t<\/div>\n\t\t\t\t\t<\/div>\n\t\t<\/div>\n\t\t\t\t<aside class=\"elementor-column elementor-col-50 elementor-top-column elementor-element elementor-element-dd82a3e\" data-id=\"dd82a3e\" data-element_type=\"column\" data-e-type=\"column\">\n\t\t\t<div class=\"elementor-widget-wrap elementor-element-populated\">\n\t\t\t\t\t\t<div class=\"elementor-element elementor-element-4112f86 elementor-widget__width-initial elementor-widget elementor-widget-image\" data-id=\"4112f86\" data-element_type=\"widget\" data-e-type=\"widget\" data-widget_type=\"image.default\">\n\t\t\t\t<div class=\"elementor-widget-container\">\n\t\t\t\t\t\t\t\t\t\t\t\t\t\t\t<img fetchpriority=\"high\" decoding=\"async\" width=\"1165\" height=\"870\" src=\"https:\/\/www.mobil-interim.fr\/wp-content\/uploads\/2024\/11\/Mobilinterim-CDD-06.png\" class=\"attachment-full size-full wp-image-2477\" alt=\"\" srcset=\"https:\/\/www.mobil-interim.fr\/wp-content\/uploads\/2024\/11\/Mobilinterim-CDD-06.png 1165w, https:\/\/www.mobil-interim.fr\/wp-content\/uploads\/2024\/11\/Mobilinterim-CDD-06-300x224.png 300w, https:\/\/www.mobil-interim.fr\/wp-content\/uploads\/2024\/11\/Mobilinterim-CDD-06-1024x765.png 1024w, https:\/\/www.mobil-interim.fr\/wp-content\/uploads\/2024\/11\/Mobilinterim-CDD-06-768x574.png 768w\" sizes=\"(max-width: 1165px) 100vw, 1165px\" \/>\t\t\t\t\t\t\t\t\t\t\t\t\t\t\t<\/div>\n\t\t\t\t<\/div>\n\t\t\t\t\t<\/div>\n\t\t<\/aside>\n\t\t\t\t\t<\/div>\n\t\t<\/section>\n\t\t\t\t<section class=\"elementor-section elementor-top-section elementor-element elementor-element-07ae648 elementor-section-boxed elementor-section-height-default elementor-section-height-default\" data-id=\"07ae648\" data-element_type=\"section\" data-e-type=\"section\">\n\t\t\t\t\t\t<div class=\"elementor-container elementor-column-gap-default\">\n\t\t\t\t\t<div class=\"elementor-column elementor-col-100 elementor-top-column elementor-element elementor-element-6ca1fba\" data-id=\"6ca1fba\" data-element_type=\"column\" data-e-type=\"column\">\n\t\t\t<div class=\"elementor-widget-wrap elementor-element-populated\">\n\t\t\t\t\t\t<div class=\"elementor-element elementor-element-27308e8 elementor-widget elementor-widget-image\" data-id=\"27308e8\" data-element_type=\"widget\" data-e-type=\"widget\" data-widget_type=\"image.default\">\n\t\t\t\t<div class=\"elementor-widget-container\">\n\t\t\t\t\t\t\t\t\t\t\t\t\t\t\t<img decoding=\"async\" src=\"https:\/\/mobil.icone-interactive.fr\/wp-content\/uploads\/2024\/10\/close-up-of-professional-latin-chef-man-wearing-a-2023-11-27-04-54-23-utc-scaled.jpg\" title=\"\" alt=\"Restauration\" loading=\"lazy\" \/>\t\t\t\t\t\t\t\t\t\t\t\t\t\t\t<\/div>\n\t\t\t\t<\/div>\n\t\t\t\t\t<\/div>\n\t\t<\/div>\n\t\t\t\t\t<\/div>\n\t\t<\/section>\n\t\t<div class=\"elementor-element elementor-element-39dc99f e-flex e-con-boxed e-con e-parent\" data-id=\"39dc99f\" data-element_type=\"container\" data-e-type=\"container\">\n\t\t\t\t\t<div class=\"e-con-inner\">\n\t\t<div class=\"elementor-element elementor-element-ce4f2a8 e-con-full e-flex e-con e-child\" data-id=\"ce4f2a8\" data-element_type=\"container\" data-e-type=\"container\">\n\t\t\t\t<div class=\"elementor-element elementor-element-e46a2c8 elementor-widget__width-initial elementor-widget elementor-widget-video\" data-id=\"e46a2c8\" data-element_type=\"widget\" data-e-type=\"widget\" data-settings=\"{&quot;youtube_url&quot;:&quot;https:\\\/\\\/www.youtu.be\\\/C7epjpFPpl0?&quot;,&quot;autoplay&quot;:&quot;yes&quot;,&quot;play_on_mobile&quot;:&quot;yes&quot;,&quot;loop&quot;:&quot;yes&quot;,&quot;video_type&quot;:&quot;youtube&quot;,&quot;controls&quot;:&quot;yes&quot;}\" data-widget_type=\"video.default\">\n\t\t\t\t<div class=\"elementor-widget-container\">\n\t\t\t\t\t\t\t<div class=\"elementor-wrapper elementor-open-inline\">\n\t\t\t<div class=\"elementor-video\"><\/div>\t\t<\/div>\n\t\t\t\t\t\t<\/div>\n\t\t\t\t<\/div>\n\t\t\t\t<\/div>\n\t\t<div class=\"elementor-element elementor-element-82544bb e-con-full e-flex e-con e-child\" data-id=\"82544bb\" data-element_type=\"container\" data-e-type=\"container\">\n\t\t\t\t<div class=\"elementor-element elementor-element-12f269b elementor-widget elementor-widget-elementskit-heading\" data-id=\"12f269b\" data-element_type=\"widget\" data-e-type=\"widget\" data-widget_type=\"elementskit-heading.default\">\n\t\t\t\t<div class=\"elementor-widget-container\">\n\t\t\t\t\t<div class=\"ekit-wid-con\" ><div class=\"ekit-heading elementskit-section-title-wraper text_left   ekit_heading_tablet-   ekit_heading_mobile-\"><h3 class=\"ekit-heading--title elementskit-section-title \">Le CDD par <span><span>Mobil'interim<\/span><\/span><\/h3><\/div><\/div>\t\t\t\t<\/div>\n\t\t\t\t<\/div>\n\t\t\t\t<div class=\"elementor-element elementor-element-c96be13 elementor-widget__width-initial elementor-widget elementor-widget-text-editor\" data-id=\"c96be13\" data-element_type=\"widget\" data-e-type=\"widget\" data-widget_type=\"text-editor.default\">\n\t\t\t\t<div class=\"elementor-widget-container\">\n\t\t\t\t\t\t\t\t\t<p>Mobil\u2019interim assure tout le recrutement, la gestion des contrats, et le suivi des obligations l\u00e9gales, garantissant ainsi une conformit\u00e9 totale avec la l\u00e9gislation du travail. Cela permet aux entreprises de se concentrer sur leur c\u0153ur de m\u00e9tier tout en r\u00e9pondant \u00e0 des besoins ponctuels, saisonniers ou li\u00e9s \u00e0 des pics d&rsquo;activit\u00e9. De plus, les missions en CDD propos\u00e9es par Mobil\u2019interim offrent aux candidats l&rsquo;opportunit\u00e9 d\u2019acqu\u00e9rir de nouvelles comp\u00e9tences, d\u2019\u00e9largir leur r\u00e9seau professionnel et d\u2019acc\u00e9der \u00e0 des opportunit\u00e9s vari\u00e9es, avec un encadrement professionnel qui s\u00e9curise leur parcours.<\/p>\t\t\t\t\t\t\t\t<\/div>\n\t\t\t\t<\/div>\n\t\t\t\t<\/div>\n\t\t\t\t\t<\/div>\n\t\t\t\t<\/div>\n\t\t\t\t<section class=\"elementor-section elementor-top-section elementor-element elementor-element-cdea310 elementor-section-boxed elementor-section-height-default elementor-section-height-default\" data-id=\"cdea310\" data-element_type=\"section\" data-e-type=\"section\">\n\t\t\t\t\t\t\t<div class=\"elementor-background-overlay\"><\/div>\n\t\t\t\t\t\t\t<div class=\"elementor-container elementor-column-gap-default\">\n\t\t\t\t\t<div class=\"elementor-column elementor-col-100 elementor-top-column elementor-element elementor-element-06053ac\" data-id=\"06053ac\" data-element_type=\"column\" data-e-type=\"column\">\n\t\t\t<div class=\"elementor-widget-wrap elementor-element-populated\">\n\t\t\t\t\t\t<div class=\"elementor-element elementor-element-5139053 elementor-widget elementor-widget-elementskit-heading\" data-id=\"5139053\" data-element_type=\"widget\" data-e-type=\"widget\" data-widget_type=\"elementskit-heading.default\">\n\t\t\t\t<div class=\"elementor-widget-container\">\n\t\t\t\t\t<div class=\"ekit-wid-con\" ><div class=\"ekit-heading elementskit-section-title-wraper text_left   ekit_heading_tablet-   ekit_heading_mobile-\"><h2 class=\"ekit-heading--title elementskit-section-title \">Autres <span><span>types de contrat<\/span><\/span><\/h2><\/div><\/div>\t\t\t\t<\/div>\n\t\t\t\t<\/div>\n\t\t<div class=\"elementor-element elementor-element-f3e1fd4 e-grid e-con-boxed e-con e-parent\" data-id=\"f3e1fd4\" data-element_type=\"container\" data-e-type=\"container\">\n\t\t\t\t\t<div class=\"e-con-inner\">\n\t\t\t\t<div class=\"elementor-element elementor-element-6d64df9 elementor-align-justify elementor-widget elementor-widget-button\" data-id=\"6d64df9\" data-element_type=\"widget\" data-e-type=\"widget\" data-widget_type=\"button.default\">\n\t\t\t\t<div class=\"elementor-widget-container\">\n\t\t\t\t\t\t\t\t\t<div class=\"elementor-button-wrapper\">\n\t\t\t\t\t<a class=\"elementor-button elementor-button-link elementor-size-sm\" href=\"https:\/\/www.mobil-interim.fr\/index.php\/contrat-interim\/\">\n\t\t\t\t\t\t<span class=\"elementor-button-content-wrapper\">\n\t\t\t\t\t\t<span class=\"elementor-button-icon\">\n\t\t\t\t<i aria-hidden=\"true\" class=\"icon icon-contract\"><\/i>\t\t\t<\/span>\n\t\t\t\t\t\t\t\t\t<span class=\"elementor-button-text\">Contrat int\u00e9rim<\/span>\n\t\t\t\t\t<\/span>\n\t\t\t\t\t<\/a>\n\t\t\t\t<\/div>\n\t\t\t\t\t\t\t\t<\/div>\n\t\t\t\t<\/div>\n\t\t\t\t<div class=\"elementor-element elementor-element-85688a3 elementor-align-justify elementor-widget elementor-widget-button\" data-id=\"85688a3\" data-element_type=\"widget\" data-e-type=\"widget\" data-widget_type=\"button.default\">\n\t\t\t\t<div class=\"elementor-widget-container\">\n\t\t\t\t\t\t\t\t\t<div class=\"elementor-button-wrapper\">\n\t\t\t\t\t<a class=\"elementor-button elementor-button-link elementor-size-sm\" href=\"https:\/\/www.mobil-interim.fr\/index.php\/contrat-duree-indeterminee\/\">\n\t\t\t\t\t\t<span class=\"elementor-button-content-wrapper\">\n\t\t\t\t\t\t<span class=\"elementor-button-icon\">\n\t\t\t\t<i aria-hidden=\"true\" class=\"icon icon-contract\"><\/i>\t\t\t<\/span>\n\t\t\t\t\t\t\t\t\t<span class=\"elementor-button-text\">Contrat \u00e0 dur\u00e9e ind\u00e9termin\u00e9e<\/span>\n\t\t\t\t\t<\/span>\n\t\t\t\t\t<\/a>\n\t\t\t\t<\/div>\n\t\t\t\t\t\t\t\t<\/div>\n\t\t\t\t<\/div>\n\t\t\t\t<div class=\"elementor-element elementor-element-f427823 elementor-align-justify elementor-widget elementor-widget-button\" data-id=\"f427823\" data-element_type=\"widget\" data-e-type=\"widget\" data-widget_type=\"button.default\">\n\t\t\t\t<div class=\"elementor-widget-container\">\n\t\t\t\t\t\t\t\t\t<div class=\"elementor-button-wrapper\">\n\t\t\t\t\t<a class=\"elementor-button elementor-button-link elementor-size-sm\" href=\"https:\/\/www.mobil-interim.fr\/index.php\/cdi-interimaire\/\">\n\t\t\t\t\t\t<span class=\"elementor-button-content-wrapper\">\n\t\t\t\t\t\t<span class=\"elementor-button-icon\">\n\t\t\t\t<i aria-hidden=\"true\" class=\"icon icon-contract\"><\/i>\t\t\t<\/span>\n\t\t\t\t\t\t\t\t\t<span class=\"elementor-button-text\">CDI Int\u00e9rimaire<\/span>\n\t\t\t\t\t<\/span>\n\t\t\t\t\t<\/a>\n\t\t\t\t<\/div>\n\t\t\t\t\t\t\t\t<\/div>\n\t\t\t\t<\/div>\n\t\t\t\t\t<\/div>\n\t\t\t\t<\/div>\n\t\t\t\t\t<\/div>\n\t\t<\/div>\n\t\t\t\t\t<\/div>\n\t\t<\/section>\n\t\t\t\t<\/div>\n\t\t","protected":false},"excerpt":{"rendered":"<p>Contrat \u00e0 dur\u00e9e d\u00e9termin\u00e9e Contrat \u00e0 dur\u00e9e d\u00e9termin\u00e9e Le contrat \u00e0 dur\u00e9e d\u00e9termin\u00e9e Le contrat \u00e0 dur\u00e9e d\u00e9termin\u00e9e (CDD) g\u00e9r\u00e9 par Mobil\u2019interim offre une solution flexible et avantageuse, tant pour les entreprises que pour les candidats. En confiant la gestion des CDD \u00e0 Mobil\u2019interim, les entreprises b\u00e9n\u00e9ficient d\u2019un processus simplifi\u00e9 et rapide pour trouver des [&hellip;]<\/p>\n","protected":false},"author":1,"featured_media":0,"parent":0,"menu_order":0,"comment_status":"closed","ping_status":"closed","template":"","meta":{"_acf_changed":false,"footnotes":""},"class_list":["post-482","page","type-page","status-publish","hentry"],"acf":[],"yoast_head":"<!-- This site is optimized with the Yoast SEO plugin v27.3 - https:\/\/yoast.com\/product\/yoast-seo-wordpress\/ -->\n<title>Contrat dur\u00e9e d\u00e9termin\u00e9e - Mobil&#039;Interim<\/title>\n<meta name=\"robots\" content=\"index, follow, max-snippet:-1, max-image-preview:large, max-video-preview:-1\" \/>\n<link rel=\"canonical\" href=\"https:\/\/www.mobil-interim.fr\/index.php\/contrat-duree-determinee\/\" \/>\n<meta property=\"og:locale\" content=\"fr_FR\" \/>\n<meta property=\"og:type\" content=\"article\" \/>\n<meta property=\"og:title\" content=\"Contrat dur\u00e9e d\u00e9termin\u00e9e - Mobil&#039;Interim\" \/>\n<meta property=\"og:description\" content=\"Contrat \u00e0 dur\u00e9e d\u00e9termin\u00e9e Contrat \u00e0 dur\u00e9e d\u00e9termin\u00e9e Le contrat \u00e0 dur\u00e9e d\u00e9termin\u00e9e Le contrat \u00e0 dur\u00e9e d\u00e9termin\u00e9e (CDD) g\u00e9r\u00e9 par Mobil\u2019interim offre une solution flexible et avantageuse, tant pour les entreprises que pour les candidats. En confiant la gestion des CDD \u00e0 Mobil\u2019interim, les entreprises b\u00e9n\u00e9ficient d\u2019un processus simplifi\u00e9 et rapide pour trouver des [&hellip;]\" \/>\n<meta property=\"og:url\" content=\"https:\/\/www.mobil-interim.fr\/index.php\/contrat-duree-determinee\/\" \/>\n<meta property=\"og:site_name\" content=\"Mobil&#039;Interim\" \/>\n<meta property=\"article:modified_time\" content=\"2024-12-19T15:34:26+00:00\" \/>\n<meta property=\"og:image\" content=\"https:\/\/www.mobil-interim.fr\/wp-content\/uploads\/2024\/11\/Mobilinterim-CDD-06.png\" \/>\n\t<meta property=\"og:image:width\" content=\"1165\" \/>\n\t<meta property=\"og:image:height\" content=\"870\" \/>\n\t<meta property=\"og:image:type\" content=\"image\/png\" \/>\n<meta name=\"twitter:card\" content=\"summary_large_image\" \/>\n<meta name=\"twitter:label1\" content=\"Dur\u00e9e de lecture estim\u00e9e\" \/>\n\t<meta name=\"twitter:data1\" content=\"2 minutes\" \/>\n<script type=\"application\/ld+json\" class=\"yoast-schema-graph\">{\"@context\":\"https:\\\/\\\/schema.org\",\"@graph\":[{\"@type\":\"WebPage\",\"@id\":\"https:\\\/\\\/www.mobil-interim.fr\\\/index.php\\\/contrat-duree-determinee\\\/\",\"url\":\"https:\\\/\\\/www.mobil-interim.fr\\\/index.php\\\/contrat-duree-determinee\\\/\",\"name\":\"Contrat dur\u00e9e d\u00e9termin\u00e9e - Mobil&#039;Interim\",\"isPartOf\":{\"@id\":\"https:\\\/\\\/www.mobil-interim.fr\\\/#website\"},\"primaryImageOfPage\":{\"@id\":\"https:\\\/\\\/www.mobil-interim.fr\\\/index.php\\\/contrat-duree-determinee\\\/#primaryimage\"},\"image\":{\"@id\":\"https:\\\/\\\/www.mobil-interim.fr\\\/index.php\\\/contrat-duree-determinee\\\/#primaryimage\"},\"thumbnailUrl\":\"https:\\\/\\\/www.mobil-interim.fr\\\/wp-content\\\/uploads\\\/2024\\\/11\\\/Mobilinterim-CDD-06.png\",\"datePublished\":\"2024-09-04T08:21:38+00:00\",\"dateModified\":\"2024-12-19T15:34:26+00:00\",\"breadcrumb\":{\"@id\":\"https:\\\/\\\/www.mobil-interim.fr\\\/index.php\\\/contrat-duree-determinee\\\/#breadcrumb\"},\"inLanguage\":\"fr-FR\",\"potentialAction\":[{\"@type\":\"ReadAction\",\"target\":[\"https:\\\/\\\/www.mobil-interim.fr\\\/index.php\\\/contrat-duree-determinee\\\/\"]}]},{\"@type\":\"ImageObject\",\"inLanguage\":\"fr-FR\",\"@id\":\"https:\\\/\\\/www.mobil-interim.fr\\\/index.php\\\/contrat-duree-determinee\\\/#primaryimage\",\"url\":\"https:\\\/\\\/www.mobil-interim.fr\\\/wp-content\\\/uploads\\\/2024\\\/11\\\/Mobilinterim-CDD-06.png\",\"contentUrl\":\"https:\\\/\\\/www.mobil-interim.fr\\\/wp-content\\\/uploads\\\/2024\\\/11\\\/Mobilinterim-CDD-06.png\",\"width\":1165,\"height\":870},{\"@type\":\"BreadcrumbList\",\"@id\":\"https:\\\/\\\/www.mobil-interim.fr\\\/index.php\\\/contrat-duree-determinee\\\/#breadcrumb\",\"itemListElement\":[{\"@type\":\"ListItem\",\"position\":1,\"name\":\"Accueil\",\"item\":\"https:\\\/\\\/www.mobil-interim.fr\\\/\"},{\"@type\":\"ListItem\",\"position\":2,\"name\":\"Contrat dur\u00e9e d\u00e9termin\u00e9e\"}]},{\"@type\":\"WebSite\",\"@id\":\"https:\\\/\\\/www.mobil-interim.fr\\\/#website\",\"url\":\"https:\\\/\\\/www.mobil-interim.fr\\\/\",\"name\":\"Mobil&#039;Interim\",\"description\":\"\",\"potentialAction\":[{\"@type\":\"SearchAction\",\"target\":{\"@type\":\"EntryPoint\",\"urlTemplate\":\"https:\\\/\\\/www.mobil-interim.fr\\\/?s={search_term_string}\"},\"query-input\":{\"@type\":\"PropertyValueSpecification\",\"valueRequired\":true,\"valueName\":\"search_term_string\"}}],\"inLanguage\":\"fr-FR\"}]}<\/script>\n<!-- \/ Yoast SEO plugin. -->","yoast_head_json":{"title":"Contrat dur\u00e9e d\u00e9termin\u00e9e - Mobil&#039;Interim","robots":{"index":"index","follow":"follow","max-snippet":"max-snippet:-1","max-image-preview":"max-image-preview:large","max-video-preview":"max-video-preview:-1"},"canonical":"https:\/\/www.mobil-interim.fr\/index.php\/contrat-duree-determinee\/","og_locale":"fr_FR","og_type":"article","og_title":"Contrat dur\u00e9e d\u00e9termin\u00e9e - Mobil&#039;Interim","og_description":"Contrat \u00e0 dur\u00e9e d\u00e9termin\u00e9e Contrat \u00e0 dur\u00e9e d\u00e9termin\u00e9e Le contrat \u00e0 dur\u00e9e d\u00e9termin\u00e9e Le contrat \u00e0 dur\u00e9e d\u00e9termin\u00e9e (CDD) g\u00e9r\u00e9 par Mobil\u2019interim offre une solution flexible et avantageuse, tant pour les entreprises que pour les candidats. En confiant la gestion des CDD \u00e0 Mobil\u2019interim, les entreprises b\u00e9n\u00e9ficient d\u2019un processus simplifi\u00e9 et rapide pour trouver des [&hellip;]","og_url":"https:\/\/www.mobil-interim.fr\/index.php\/contrat-duree-determinee\/","og_site_name":"Mobil&#039;Interim","article_modified_time":"2024-12-19T15:34:26+00:00","og_image":[{"width":1165,"height":870,"url":"https:\/\/www.mobil-interim.fr\/wp-content\/uploads\/2024\/11\/Mobilinterim-CDD-06.png","type":"image\/png"}],"twitter_card":"summary_large_image","twitter_misc":{"Dur\u00e9e de lecture estim\u00e9e":"2 minutes"},"schema":{"@context":"https:\/\/schema.org","@graph":[{"@type":"WebPage","@id":"https:\/\/www.mobil-interim.fr\/index.php\/contrat-duree-determinee\/","url":"https:\/\/www.mobil-interim.fr\/index.php\/contrat-duree-determinee\/","name":"Contrat dur\u00e9e d\u00e9termin\u00e9e - Mobil&#039;Interim","isPartOf":{"@id":"https:\/\/www.mobil-interim.fr\/#website"},"primaryImageOfPage":{"@id":"https:\/\/www.mobil-interim.fr\/index.php\/contrat-duree-determinee\/#primaryimage"},"image":{"@id":"https:\/\/www.mobil-interim.fr\/index.php\/contrat-duree-determinee\/#primaryimage"},"thumbnailUrl":"https:\/\/www.mobil-interim.fr\/wp-content\/uploads\/2024\/11\/Mobilinterim-CDD-06.png","datePublished":"2024-09-04T08:21:38+00:00","dateModified":"2024-12-19T15:34:26+00:00","breadcrumb":{"@id":"https:\/\/www.mobil-interim.fr\/index.php\/contrat-duree-determinee\/#breadcrumb"},"inLanguage":"fr-FR","potentialAction":[{"@type":"ReadAction","target":["https:\/\/www.mobil-interim.fr\/index.php\/contrat-duree-determinee\/"]}]},{"@type":"ImageObject","inLanguage":"fr-FR","@id":"https:\/\/www.mobil-interim.fr\/index.php\/contrat-duree-determinee\/#primaryimage","url":"https:\/\/www.mobil-interim.fr\/wp-content\/uploads\/2024\/11\/Mobilinterim-CDD-06.png","contentUrl":"https:\/\/www.mobil-interim.fr\/wp-content\/uploads\/2024\/11\/Mobilinterim-CDD-06.png","width":1165,"height":870},{"@type":"BreadcrumbList","@id":"https:\/\/www.mobil-interim.fr\/index.php\/contrat-duree-determinee\/#breadcrumb","itemListElement":[{"@type":"ListItem","position":1,"name":"Accueil","item":"https:\/\/www.mobil-interim.fr\/"},{"@type":"ListItem","position":2,"name":"Contrat dur\u00e9e d\u00e9termin\u00e9e"}]},{"@type":"WebSite","@id":"https:\/\/www.mobil-interim.fr\/#website","url":"https:\/\/www.mobil-interim.fr\/","name":"Mobil&#039;Interim","description":"","potentialAction":[{"@type":"SearchAction","target":{"@type":"EntryPoint","urlTemplate":"https:\/\/www.mobil-interim.fr\/?s={search_term_string}"},"query-input":{"@type":"PropertyValueSpecification","valueRequired":true,"valueName":"search_term_string"}}],"inLanguage":"fr-FR"}]}},"_links":{"self":[{"href":"https:\/\/www.mobil-interim.fr\/index.php\/wp-json\/wp\/v2\/pages\/482","targetHints":{"allow":["GET"]}}],"collection":[{"href":"https:\/\/www.mobil-interim.fr\/index.php\/wp-json\/wp\/v2\/pages"}],"about":[{"href":"https:\/\/www.mobil-interim.fr\/index.php\/wp-json\/wp\/v2\/types\/page"}],"author":[{"embeddable":true,"href":"https:\/\/www.mobil-interim.fr\/index.php\/wp-json\/wp\/v2\/users\/1"}],"replies":[{"embeddable":true,"href":"https:\/\/www.mobil-interim.fr\/index.php\/wp-json\/wp\/v2\/comments?post=482"}],"version-history":[{"count":12,"href":"https:\/\/www.mobil-interim.fr\/index.php\/wp-json\/wp\/v2\/pages\/482\/revisions"}],"predecessor-version":[{"id":2936,"href":"https:\/\/www.mobil-interim.fr\/index.php\/wp-json\/wp\/v2\/pages\/482\/revisions\/2936"}],"wp:attachment":[{"href":"https:\/\/www.mobil-interim.fr\/index.php\/wp-json\/wp\/v2\/media?parent=482"}],"curies":[{"name":"wp","href":"https:\/\/api.w.org\/{rel}","templated":true}]}}